{"id":5,"date":"2016-09-12T08:16:32","date_gmt":"2016-09-12T06:16:32","guid":{"rendered":"http:\/\/peterundpaul-choere.de\/chor_wp\/?page_id=5"},"modified":"2023-03-24T09:54:15","modified_gmt":"2023-03-24T08:54:15","slug":"willkommen","status":"publish","type":"page","link":"https:\/\/peterundpaul-choere.de\/chor_wp\/index.php\/willkommen\/","title":{"rendered":"Willkommen"},"content":{"rendered":"<div class=\"h1\"><strong>Herzlich Willkommen auf den Internetseiten des Kichen- und Oratorienchores St. Peter und Paul in Mannheim &#8211; Feudenheim !<br \/>\n<\/strong><\/div>\n<div>Wir freuen uns \u00fcber Ihren Besuch und hoffen, Ihnen interessante uind n\u00fctzliche Informationen \u00fcber unsere Choraktivit\u00e4ten geben zu k\u00f6nnen.<\/div>\n","protected":false},"excerpt":{"rendered":"<p>Herzlich Willkommen auf den Internetseiten des Kichen- und Oratorienchores St. Peter und Paul in Mannheim &#8211; Feudenheim ! Wir freuen uns \u00fcber Ihren Besuch und hoffen, Ihnen interessante uind n\u00fctzliche <a href=\"https:\/\/peterundpaul-choere.de\/chor_wp\/index.php\/willkommen\/\" class=\"more-link\">[&hellip;]<\/a><\/p>\n","protected":false},"author":1,"featured_media":0,"parent":0,"menu_order":0,"comment_status":"closed","ping_status":"closed","template":"","meta":{"Layout":"","footnotes":""},"class_list":["entry","author-sloeb","post-5","page","type-page","status-publish"],"_links":{"self":[{"href":"https:\/\/peterundpaul-choere.de\/chor_wp\/index.php\/wp-json\/wp\/v2\/pages\/5","targetHints":{"allow":["GET"]}}],"collection":[{"href":"https:\/\/peterundpaul-choere.de\/chor_wp\/index.php\/wp-json\/wp\/v2\/pages"}],"about":[{"href":"https:\/\/peterundpaul-choere.de\/chor_wp\/index.php\/wp-json\/wp\/v2\/types\/page"}],"author":[{"embeddable":true,"href":"https:\/\/peterundpaul-choere.de\/chor_wp\/index.php\/wp-json\/wp\/v2\/users\/1"}],"replies":[{"embeddable":true,"href":"https:\/\/peterundpaul-choere.de\/chor_wp\/index.php\/wp-json\/wp\/v2\/comments?post=5"}],"version-history":[{"count":4,"href":"https:\/\/peterundpaul-choere.de\/chor_wp\/index.php\/wp-json\/wp\/v2\/pages\/5\/revisions"}],"predecessor-version":[{"id":786,"href":"https:\/\/peterundpaul-choere.de\/chor_wp\/index.php\/wp-json\/wp\/v2\/pages\/5\/revisions\/786"}],"wp:attachment":[{"href":"https:\/\/peterundpaul-choere.de\/chor_wp\/index.php\/wp-json\/wp\/v2\/media?parent=5"}],"curies":[{"name":"wp","href":"https:\/\/api.w.org\/{rel}","templated":true}]}}