{"id":21,"date":"2016-09-12T09:33:57","date_gmt":"2016-09-12T07:33:57","guid":{"rendered":"http:\/\/peterundpaul-choere.de\/chor_wp\/?page_id=21"},"modified":"2023-03-24T11:17:16","modified_gmt":"2023-03-24T10:17:16","slug":"chorleitung","status":"publish","type":"page","link":"https:\/\/peterundpaul-choere.de\/chor_wp\/index.php\/ueber-uns\/chorleitung\/","title":{"rendered":"Chorleitung"},"content":{"rendered":"<div class=\"wp-block-image\">\n<figure class=\"alignleft\"><img loading=\"lazy\" decoding=\"async\" width=\"212\" height=\"294\" src=\"https:\/\/peterundpaul-choere.de\/chor_wp\/wp-content\/uploads\/2019\/11\/Park-Oelert-Bild-Profil-1.jpg\" alt=\"Chorleiterin Han Kyoung Park-Oelert\" class=\"wp-image-521\"\/><\/figure>\n<\/div>\n\n\n<p><strong>Han Kyoung Park-Oelert<\/strong> &nbsp;studierte zun\u00e4chst in\nder s\u00fcdkoreanischen Hauptstadt Seoul an der Ewha-Universit\u00e4t Kirchenmusik mit\ndem Abschluss \u201eBachelor of Music\u201c. An der Hochschule f\u00fcr Kirchenmusik in\nHerford absolvierte sie das B- und das A-Examen f\u00fcr hauptamtliche\nKirchenmusiker, anschlie\u00dfend das Aufbaustudium \u201eOrgelimprovisation\u201c. <\/p>\n\n\n\n<p>Nach dem Studium arbeitete sie als hauptamtliche Kirchenmusikerin in Vlotho \/ Nordrhein-Westfalen in allen Bereichen der Kirchenmusik \u2013 Kinderch\u00f6re, Gospelchor, Posaunenchor und Kantorei \u2013 und leitete zahlreiche Chorkonzerte und Oratorienauff\u00fchrungen mit Chor und Orchester, darunter das \u201eWeihnachtsoratorium\u201c und die \u201eh-Moll-Messe\u201c von Bach, \u201eDer Messias\u201c von H\u00e4ndel, \u201eDie Sch\u00f6pfung\u201c von Haydn, \u201ePaulus\u201c und \u201eElias\u201c von Mendelssohn und \u201eEin deutsches Requiem\u201c von Brahms. Als Soloorganistin gab sie zahlreiche Orgelkonzerte in unterschiedlichen Stilen von Swing bis Bach, Orgelwerke oder Orgelimprovisation, schwungvolles oder besinnliches, auch Stummfilmkonzerte mit live improvisierter Orgelmusik zu den Filmen \u201eLichter der Gro\u00dfstadt\u201c von Charlie Chaplin, \u201eDie kleinen Strolche\u201c von Hal Roach und \u201eDer m\u00fcde Tod\u201c von Fritz Lang und anderen.<\/p>\n\n\n\n<p>Seit 2016 ist Han Kyoung Park-Oelert Dekanatskantorin im ev. Dekanat Bergstra\u00dfe und Kantorin der ev. Kirchengemeinde Rimbach. Sie ist dort Organistin, leitet die Gemeindech\u00f6re \u2013 Kirchenchor und Kinderch\u00f6re \u2013 und f\u00fchrt mit dem Oratorienchor \u201eRimbacher Singkreis\u201c gro\u00dfe Oratorienwerke mit Orchester auf: das \u201eRequiem\u201c von Mozart und Verdi und \u201eCarmina Burana\u201c von Carl Orff, Kantaten und a-cappella-Literatur, Bach-Motetten, Johannespassion von Sch\u00fctz, Chorwerke von Hammerschmidt, Brahms und Barber. <\/p>\n\n\n\n<p>Seit Juli 2019 ist sie zus\u00e4tzlich Leiterin des Kirchen- und Oratorienchores an der Kirche St. Peter und Paul in Mannheim-Feudenheim. Sie f\u00fchrt mit dem Kirchenchor regelm\u00e4\u00dfig eine Messe mit Solisten und Orchester am Ostersonntag und am ersten Weihnachtstag auf. So standen schon die Messe in C-Dur KV 257 \u201eCredo-Messe\u201c von Mozart, die &#8222;Messe br\u00e8ve&#8220;no.7 von Charles Gounod und die Messe in G-Dur (D167) von Franz Schubert auf dem Programm, beim Oratorienchor u.a.die \u201eBerliner Messe\u201c von Arvo P\u00e4rt, das \u201eWeihnachtsoratorium\u201c von Camille Saint-Sa\u00ebns sowie das &#8222;Te Deum&#8220; von Anton Bruckner und der &#8222;Lobgesang&#8220; op.52 von Felix Mendelssohn Bartholdy .<\/p>\n","protected":false},"excerpt":{"rendered":"<p>Han Kyoung Park-Oelert &nbsp;studierte zun\u00e4chst in der s\u00fcdkoreanischen Hauptstadt Seoul an der Ewha-Universit\u00e4t Kirchenmusik mit dem Abschluss \u201eBachelor of Music\u201c. An der Hochschule f\u00fcr Kirchenmusik in Herford absolvierte sie das <a href=\"https:\/\/peterundpaul-choere.de\/chor_wp\/index.php\/ueber-uns\/chorleitung\/\" class=\"more-link\">[&hellip;]<\/a><\/p>\n","protected":false},"author":1,"featured_media":0,"parent":8,"menu_order":0,"comment_status":"closed","ping_status":"closed","template":"","meta":{"Layout":"","footnotes":""},"class_list":["entry","author-sloeb","post-21","page","type-page","status-publish"],"_links":{"self":[{"href":"https:\/\/peterundpaul-choere.de\/chor_wp\/index.php\/wp-json\/wp\/v2\/pages\/21","targetHints":{"allow":["GET"]}}],"collection":[{"href":"https:\/\/peterundpaul-choere.de\/chor_wp\/index.php\/wp-json\/wp\/v2\/pages"}],"about":[{"href":"https:\/\/peterundpaul-choere.de\/chor_wp\/index.php\/wp-json\/wp\/v2\/types\/page"}],"author":[{"embeddable":true,"href":"https:\/\/peterundpaul-choere.de\/chor_wp\/index.php\/wp-json\/wp\/v2\/users\/1"}],"replies":[{"embeddable":true,"href":"https:\/\/peterundpaul-choere.de\/chor_wp\/index.php\/wp-json\/wp\/v2\/comments?post=21"}],"version-history":[{"count":10,"href":"https:\/\/peterundpaul-choere.de\/chor_wp\/index.php\/wp-json\/wp\/v2\/pages\/21\/revisions"}],"predecessor-version":[{"id":798,"href":"https:\/\/peterundpaul-choere.de\/chor_wp\/index.php\/wp-json\/wp\/v2\/pages\/21\/revisions\/798"}],"up":[{"embeddable":true,"href":"https:\/\/peterundpaul-choere.de\/chor_wp\/index.php\/wp-json\/wp\/v2\/pages\/8"}],"wp:attachment":[{"href":"https:\/\/peterundpaul-choere.de\/chor_wp\/index.php\/wp-json\/wp\/v2\/media?parent=21"}],"curies":[{"name":"wp","href":"https:\/\/api.w.org\/{rel}","templated":true}]}}